{"id":560,"date":"2020-09-21T11:52:08","date_gmt":"2020-09-21T11:52:08","guid":{"rendered":"https:\/\/nekos.fi\/?page_id=560"},"modified":"2025-10-16T10:30:48","modified_gmt":"2025-10-16T10:30:48","slug":"contact","status":"publish","type":"page","link":"https:\/\/nekos.fi\/en\/contact\/","title":{"rendered":"Contact Us"},"content":{"rendered":"\n<h4 class=\"wp-block-heading\"><strong>ANY QUESTIONS? INTERESTED IN OUR SYSTEMS?<\/strong><\/h4>\n\n\n\n<p>Please contact us and let us see how we can help you.<\/p>\n\n\n\n<p><\/p>\n\n\n\n<p><\/p>\n\n\n\n<h4 class=\"wp-block-heading\">Nekos Oy<\/h4>\n\n\n\n<p>Niittyhaankatu 5, FIN-33720 Tampere, Finland<br>Tel. +358 207 300 950<br>e-mail: firstname.lastname@nekos.fi<\/p>\n\n\n\n<p><\/p>\n\n\n\n<div class=\"wp-block-columns padding-vertical-small is-layout-flex wp-container-core-columns-is-layout-9d6595d7 wp-block-columns-is-layout-flex\">\n<div class=\"wp-block-column is-layout-flow wp-block-column-is-layout-flow\">\n<h4 class=\"wp-block-heading\">Jaakko Laihorinne<\/h4>\n\n\n\n<p><strong>Toimitusjohtaja | Managing Director<\/strong><br>Nekos Oy<br>Niittyhaankatu 5<br>33720 Tampere, Finland<br>Tel. +358 400 624 695<\/p>\n<\/div>\n\n\n\n<div class=\"wp-block-column is-layout-flow wp-block-column-is-layout-flow\">\n<h4 class=\"wp-block-heading\">Juha Murtoj\u00e4rvi<\/h4>\n\n\n\n<p><strong>Myyntip\u00e4\u00e4llikk\u00f6 | Sales Manager<\/strong><br>Nekos Oy | Nekos-Service<br>Niittyhaankatu 5<br>33720 Tampere, Finland<br>Tel. +358 40 7207885<\/p>\n<\/div>\n\n\n\n<div class=\"wp-block-column is-layout-flow wp-block-column-is-layout-flow\"><\/div>\n<\/div>\n\n\n\n<div class=\"wp-block-columns is-layout-flex wp-container-core-columns-is-layout-9d6595d7 wp-block-columns-is-layout-flex\">\n<div class=\"wp-block-column is-layout-flow wp-block-column-is-layout-flow\">\n<h4 class=\"wp-block-heading\">Jouni Niemi<\/h4>\n\n\n\n<p><strong>Suunnittelup\u00e4\u00e4llikk\u00f6 | Engineering Manager<\/strong><br>Nekos Oy<br>Niittyhaankatu 5<br>33720 Tampere, Finland<br>Tel. +358 400 757 525<\/p>\n<\/div>\n\n\n\n<div class=\"wp-block-column is-layout-flow wp-block-column-is-layout-flow\">\n<h4 class=\"wp-block-heading\">Erkki Hollo<\/h4>\n\n\n\n<p><strong>Tuotantop\u00e4\u00e4llikk\u00f6 | Production Manager<\/strong><br>Nekos Oy<br>Niittyhaankatu 5<br>33720 Tampere, Finland<br>Tel. +358 40 5392 603<\/p>\n<\/div>\n\n\n\n<div class=\"wp-block-column is-layout-flow wp-block-column-is-layout-flow\">\n<h4 class=\"wp-block-heading\">Veli-Pekka V\u00e4nsk\u00e4<\/h4>\n\n\n\n<p><strong>Automaatiop\u00e4\u00e4llikk\u00f6 | Automation Manager<\/strong><br>Nekos Oy<br>Niittyhaankatu 5<br>33720 Tampere, Finland<br>Tel. +358 40 8010317<\/p>\n<\/div>\n<\/div>\n","protected":false},"excerpt":{"rendered":"<p>ANY QUESTIONS? INTERESTED IN OUR SYSTEMS? Please contact us and let us see how we can help you. Nekos Oy Niittyhaankatu 5, FIN-33720 Tampere, FinlandTel. +358 207 300 950e-mail: firstname.lastname@nekos.fi Jaakko Laihorinne Toimitusjohtaja | Managing DirectorNekos OyNiittyhaankatu 533720 Tampere, FinlandTel. +358 400 624 695 Juha Murtoj\u00e4rvi Myyntip\u00e4\u00e4llikk\u00f6 | Sales ManagerNekos Oy | Nekos-ServiceNiittyhaankatu 533720 Tampere, [&hellip;]<\/p>\n","protected":false},"author":1,"featured_media":0,"parent":0,"menu_order":0,"comment_status":"closed","ping_status":"closed","template":"","meta":{"_acf_changed":false,"content-type":"","_improvement_type_select":"improve_an_existing","_thumb_yes_seoaic":false,"_frame_yes_seoaic":false,"seoaic_generate_description":"","seoaic_improve_instructions_prompt":"","seoaic_rollback_content_improvement":"","seoaic_idea_thumbnail_generator":"","thumbnail_generated":false,"thumbnail_generate_prompt":"","seoaic_article_description":"","footnotes":""},"class_list":["post-560","page","type-page","status-publish","hentry"],"acf":[],"yoast_head":"<!-- This site is optimized with the Yoast SEO plugin v27.2 - https:\/\/yoast.com\/product\/yoast-seo-wordpress\/ -->\n<title>Contact Us - Nekos Oy<\/title>\n<meta name=\"robots\" content=\"index, follow, max-snippet:-1, max-image-preview:large, max-video-preview:-1\" \/>\n<link rel=\"canonical\" href=\"https:\/\/nekos.fi\/en\/contact\/\" \/>\n<meta property=\"og:locale\" content=\"en_US\" \/>\n<meta property=\"og:type\" content=\"article\" \/>\n<meta property=\"og:title\" content=\"Contact Us - Nekos Oy\" \/>\n<meta property=\"og:description\" content=\"ANY QUESTIONS? INTERESTED IN OUR SYSTEMS? Please contact us and let us see how we can help you. Nekos Oy Niittyhaankatu 5, FIN-33720 Tampere, FinlandTel. +358 207 300 950e-mail: firstname.lastname@nekos.fi Jaakko Laihorinne Toimitusjohtaja | Managing DirectorNekos OyNiittyhaankatu 533720 Tampere, FinlandTel. +358 400 624 695 Juha Murtoj\u00e4rvi Myyntip\u00e4\u00e4llikk\u00f6 | Sales ManagerNekos Oy | Nekos-ServiceNiittyhaankatu 533720 Tampere, [&hellip;]\" \/>\n<meta property=\"og:url\" content=\"https:\/\/nekos.fi\/en\/contact\/\" \/>\n<meta property=\"og:site_name\" content=\"Nekos Oy\" \/>\n<meta property=\"article:modified_time\" content=\"2025-10-16T10:30:48+00:00\" \/>\n<meta property=\"og:image\" content=\"https:\/\/nekos.fi\/wp-content\/uploads\/2020\/12\/fb-nekos.png\" \/>\n\t<meta property=\"og:image:width\" content=\"1200\" \/>\n\t<meta property=\"og:image:height\" content=\"630\" \/>\n\t<meta property=\"og:image:type\" content=\"image\/png\" \/>\n<meta name=\"twitter:card\" content=\"summary_large_image\" \/>\n<meta name=\"twitter:label1\" content=\"Est. reading time\" \/>\n\t<meta name=\"twitter:data1\" content=\"1 minute\" \/>\n<script type=\"application\/ld+json\" class=\"yoast-schema-graph\">{\"@context\":\"https:\/\/schema.org\",\"@graph\":[{\"@type\":\"WebPage\",\"@id\":\"https:\/\/nekos.fi\/en\/contact\/\",\"url\":\"https:\/\/nekos.fi\/en\/contact\/\",\"name\":\"Contact Us - Nekos Oy\",\"isPartOf\":{\"@id\":\"https:\/\/nekos.fi\/en\/#website\"},\"datePublished\":\"2020-09-21T11:52:08+00:00\",\"dateModified\":\"2025-10-16T10:30:48+00:00\",\"breadcrumb\":{\"@id\":\"https:\/\/nekos.fi\/en\/contact\/#breadcrumb\"},\"inLanguage\":\"en-US\",\"potentialAction\":[{\"@type\":\"ReadAction\",\"target\":[\"https:\/\/nekos.fi\/en\/contact\/\"]}]},{\"@type\":\"BreadcrumbList\",\"@id\":\"https:\/\/nekos.fi\/en\/contact\/#breadcrumb\",\"itemListElement\":[{\"@type\":\"ListItem\",\"position\":1,\"name\":\"Home\",\"item\":\"https:\/\/nekos.fi\/en\/\"},{\"@type\":\"ListItem\",\"position\":2,\"name\":\"Contact Us\"}]},{\"@type\":\"WebSite\",\"@id\":\"https:\/\/nekos.fi\/en\/#website\",\"url\":\"https:\/\/nekos.fi\/en\/\",\"name\":\"Nekos Oy\",\"description\":\"Solutions for innerlogistics\",\"potentialAction\":[{\"@type\":\"SearchAction\",\"target\":{\"@type\":\"EntryPoint\",\"urlTemplate\":\"https:\/\/nekos.fi\/en\/?s={search_term_string}\"},\"query-input\":{\"@type\":\"PropertyValueSpecification\",\"valueRequired\":true,\"valueName\":\"search_term_string\"}}],\"inLanguage\":\"en-US\"}]}<\/script>\n<!-- \/ Yoast SEO plugin. -->","yoast_head_json":{"title":"Contact Us - Nekos Oy","robots":{"index":"index","follow":"follow","max-snippet":"max-snippet:-1","max-image-preview":"max-image-preview:large","max-video-preview":"max-video-preview:-1"},"canonical":"https:\/\/nekos.fi\/en\/contact\/","og_locale":"en_US","og_type":"article","og_title":"Contact Us - Nekos Oy","og_description":"ANY QUESTIONS? INTERESTED IN OUR SYSTEMS? Please contact us and let us see how we can help you. Nekos Oy Niittyhaankatu 5, FIN-33720 Tampere, FinlandTel. +358 207 300 950e-mail: firstname.lastname@nekos.fi Jaakko Laihorinne Toimitusjohtaja | Managing DirectorNekos OyNiittyhaankatu 533720 Tampere, FinlandTel. +358 400 624 695 Juha Murtoj\u00e4rvi Myyntip\u00e4\u00e4llikk\u00f6 | Sales ManagerNekos Oy | Nekos-ServiceNiittyhaankatu 533720 Tampere, [&hellip;]","og_url":"https:\/\/nekos.fi\/en\/contact\/","og_site_name":"Nekos Oy","article_modified_time":"2025-10-16T10:30:48+00:00","og_image":[{"width":1200,"height":630,"url":"https:\/\/nekos.fi\/wp-content\/uploads\/2020\/12\/fb-nekos.png","type":"image\/png"}],"twitter_card":"summary_large_image","twitter_misc":{"Est. reading time":"1 minute"},"schema":{"@context":"https:\/\/schema.org","@graph":[{"@type":"WebPage","@id":"https:\/\/nekos.fi\/en\/contact\/","url":"https:\/\/nekos.fi\/en\/contact\/","name":"Contact Us - Nekos Oy","isPartOf":{"@id":"https:\/\/nekos.fi\/en\/#website"},"datePublished":"2020-09-21T11:52:08+00:00","dateModified":"2025-10-16T10:30:48+00:00","breadcrumb":{"@id":"https:\/\/nekos.fi\/en\/contact\/#breadcrumb"},"inLanguage":"en-US","potentialAction":[{"@type":"ReadAction","target":["https:\/\/nekos.fi\/en\/contact\/"]}]},{"@type":"BreadcrumbList","@id":"https:\/\/nekos.fi\/en\/contact\/#breadcrumb","itemListElement":[{"@type":"ListItem","position":1,"name":"Home","item":"https:\/\/nekos.fi\/en\/"},{"@type":"ListItem","position":2,"name":"Contact Us"}]},{"@type":"WebSite","@id":"https:\/\/nekos.fi\/en\/#website","url":"https:\/\/nekos.fi\/en\/","name":"Nekos Oy","description":"Solutions for innerlogistics","potentialAction":[{"@type":"SearchAction","target":{"@type":"EntryPoint","urlTemplate":"https:\/\/nekos.fi\/en\/?s={search_term_string}"},"query-input":{"@type":"PropertyValueSpecification","valueRequired":true,"valueName":"search_term_string"}}],"inLanguage":"en-US"}]}},"_links":{"self":[{"href":"https:\/\/nekos.fi\/en\/wp-json\/wp\/v2\/pages\/560","targetHints":{"allow":["GET"]}}],"collection":[{"href":"https:\/\/nekos.fi\/en\/wp-json\/wp\/v2\/pages"}],"about":[{"href":"https:\/\/nekos.fi\/en\/wp-json\/wp\/v2\/types\/page"}],"author":[{"embeddable":true,"href":"https:\/\/nekos.fi\/en\/wp-json\/wp\/v2\/users\/1"}],"replies":[{"embeddable":true,"href":"https:\/\/nekos.fi\/en\/wp-json\/wp\/v2\/comments?post=560"}],"version-history":[{"count":12,"href":"https:\/\/nekos.fi\/en\/wp-json\/wp\/v2\/pages\/560\/revisions"}],"predecessor-version":[{"id":1984,"href":"https:\/\/nekos.fi\/en\/wp-json\/wp\/v2\/pages\/560\/revisions\/1984"}],"wp:attachment":[{"href":"https:\/\/nekos.fi\/en\/wp-json\/wp\/v2\/media?parent=560"}],"curies":[{"name":"wp","href":"https:\/\/api.w.org\/{rel}","templated":true}]}}